{"id":20,"date":"2020-06-11T13:07:01","date_gmt":"2020-06-11T13:07:01","guid":{"rendered":"https:\/\/fsm-otele.org\/homepage-2\/"},"modified":"2021-04-02T18:54:55","modified_gmt":"2021-04-02T18:54:55","slug":"fsm-otele","status":"publish","type":"page","link":"https:\/\/fsm-otele.org\/de\/","title":{"rendered":"FSM Ot\u00e9l\u00e9"},"content":{"rendered":"<div data-elementor-type=\"wp-page\" data-elementor-id=\"20\" class=\"elementor elementor-20\" data-elementor-settings=\"[]\">\n\t\t\t\t\t\t\t<div class=\"elementor-section-wrap\">\n\t\t\t\t\t\t\t<section class=\"elementor-section elementor-top-section elementor-element elementor-element-cb59a7e elementor-section-boxed elementor-section-height-default elementor-section-height-default\" data-id=\"cb59a7e\" data-element_type=\"section\">\n\t\t\t\t\t\t<div class=\"elementor-container elementor-column-gap-default\">\n\t\t\t\t\t<div class=\"elementor-column elementor-col-100 elementor-top-column elementor-element elementor-element-65b3194\" data-id=\"65b3194\" data-element_type=\"column\">\n\t\t\t<div class=\"elementor-widget-wrap elementor-element-populated\">\n\t\t\t\t\t\t\t\t<div class=\"elementor-element elementor-element-c61108b elementor-align-right elementor-widget elementor-widget-button\" data-id=\"c61108b\" data-element_type=\"widget\" data-widget_type=\"button.default\">\n\t\t\t\t<div class=\"elementor-widget-container\">\n\t\t\t\t\t<div class=\"elementor-button-wrapper\">\n\t\t\t<a href=\"#elementor-action%3Aaction%3Dpopup%3Aopen%26settings%3DeyJpZCI6IjIxNyIsInRvZ2dsZSI6dHJ1ZX0%3D\" rel=\"nofollow\" class=\"elementor-button-link elementor-button elementor-size-sm\" role=\"button\" id=\"Login_button\">\n\t\t\t\t\t\t<span class=\"elementor-button-content-wrapper\">\n\t\t\t\t\t\t<span class=\"elementor-button-text\">Login<\/span>\n\t\t<\/span>\n\t\t\t\t\t<\/a>\n\t\t<\/div>\n\t\t\t\t<\/div>\n\t\t\t\t<\/div>\n\t\t\t\t\t<\/div>\n\t\t<\/div>\n\t\t\t\t\t\t\t<\/div>\n\t\t<\/section>\n\t\t\t\t<section class=\"elementor-section elementor-top-section elementor-element elementor-element-3dd033fa elementor-section-boxed elementor-section-height-default elementor-section-height-default\" data-id=\"3dd033fa\" data-element_type=\"section\">\n\t\t\t\t\t\t<div class=\"elementor-container elementor-column-gap-default\">\n\t\t\t\t\t<div class=\"elementor-column elementor-col-100 elementor-top-column elementor-element elementor-element-1cc44a0e\" data-id=\"1cc44a0e\" data-element_type=\"column\">\n\t\t\t<div class=\"elementor-widget-wrap elementor-element-populated\">\n\t\t\t\t\t\t\t\t<div class=\"elementor-element elementor-element-257ed8b3 elementor-widget elementor-widget-text-editor\" data-id=\"257ed8b3\" data-element_type=\"widget\" data-widget_type=\"text-editor.default\">\n\t\t\t\t<div class=\"elementor-widget-container\">\n\t\t\t\t\t<div class=\"elementor-text-editor elementor-clearfix\"><!-- wp:paragraph -->\n<p><strong>Herzlich willkommen beim Projekt \"Wasser ist Leben\" der Stiftung St. Martin<\/strong><\/p>\n<!-- \/wp:paragraph -->\n\n<!-- wp:paragraph -->\n<p>Dies ist die Homepage f\u00fcr das Projekt in Kamerun. <br>Wenn Sie mehr \u00fcber die Stiftung und ihr Projekt \"Wasser ist Leben\" erfahren m\u00f6chten, besuchen Sie bitte die Homepage der&nbsp;<a href=\"http:\/\/www.martinstiftung.ch\">Stiftung St. Martin<\/a>.<\/p>\n<!-- \/wp:paragraph -->\n\n<!-- wp:paragraph -->\n<p><\/p>\n<!-- \/wp:paragraph -->\n\n<!-- wp:paragraph -->\n<p><\/p>\n<!-- \/wp:paragraph --><\/div>\n\t\t\t\t<\/div>\n\t\t\t\t<\/div>\n\t\t\t\t\t<\/div>\n\t\t<\/div>\n\t\t\t\t\t\t\t<\/div>\n\t\t<\/section>\n\t\t\t\t\t\t<\/div>\n\t\t\t\t\t<\/div>","protected":false},"excerpt":{"rendered":"<p>Login Bienvenue au Projet Eau Potable Nous sommes en train de construire cette nouvelle page d\u2019accueil. Si vous cherchez plus d\u2019informations sur le projet, veuillez consulter la page d\u2019accueil de la&nbsp;Fondation St. Martin. Si vous avez des questions, veuillez nous appeler au 699 185 185 ou nous rendre visite \u00e0 Ot\u00e9l\u00e9. Nous vous attendons avec [&hellip;]<\/p>","protected":false},"author":1,"featured_media":0,"parent":0,"menu_order":0,"comment_status":"closed","ping_status":"closed","template":"elementor_header_footer","meta":{"spay_email":""},"_links":{"self":[{"href":"https:\/\/fsm-otele.org\/de\/wp-json\/wp\/v2\/pages\/20"}],"collection":[{"href":"https:\/\/fsm-otele.org\/de\/wp-json\/wp\/v2\/pages"}],"about":[{"href":"https:\/\/fsm-otele.org\/de\/wp-json\/wp\/v2\/types\/page"}],"author":[{"embeddable":true,"href":"https:\/\/fsm-otele.org\/de\/wp-json\/wp\/v2\/users\/1"}],"replies":[{"embeddable":true,"href":"https:\/\/fsm-otele.org\/de\/wp-json\/wp\/v2\/comments?post=20"}],"version-history":[{"count":0,"href":"https:\/\/fsm-otele.org\/de\/wp-json\/wp\/v2\/pages\/20\/revisions"}],"wp:attachment":[{"href":"https:\/\/fsm-otele.org\/de\/wp-json\/wp\/v2\/media?parent=20"}],"curies":[{"name":"wp","href":"https:\/\/api.w.org\/{rel}","templated":true}]}}